{"id":4547,"date":"2020-07-02T20:45:29","date_gmt":"2020-07-02T20:45:29","guid":{"rendered":"https:\/\/arcora.ab-media.fr\/rd\/"},"modified":"2025-10-24T14:35:45","modified_gmt":"2025-10-24T14:35:45","slug":"rd","status":"publish","type":"page","link":"https:\/\/arcora.ab-media.fr\/en\/rd\/","title":{"rendered":"LE LAB"},"content":{"rendered":"<div class=\"wpb-content-wrapper\"><p>[vc_row][vc_column][vc_column_text]<\/p>\n<p style=\"text-align: justify;\"><span style=\"font-size: 1.333rem;\">Depuis 45 ans, les \u00e9quipes d\u2019Arcora cultivent l\u2019audace et l\u2019inventivit\u00e9 pour r\u00e9pondre efficacement et de mani\u00e8re r\u00e9siliente \u00e0 chaque projet. Anim\u00e9es par la volont\u00e9 de progresser et d\u2019anticiper, Arcora revendique l\u2019appr\u00e9hension et la compr\u00e9hension de l\u2019ensemble de l\u2019\u00e9cosyst\u00e8me physique et technique \u00e9voluant autour de sa pratique.<\/span><\/p>\n<p>[\/vc_column_text][vc_empty_space height=&#8221;1rem&#8221;][vc_column_text]<\/p>\n<p style=\"text-align: justify;\"><span style=\"color: #bdbcbc; font-size: 1.067rem;\">L\u2019affirmation d\u2019une conscience \u00e9cologique am\u00e8ne l\u2019\u00e9quipe \u00e0 r\u00e9interroger sa d\u00e9marche de conception et conceptualisation, \u00e0 travers l\u2019utilisation juste et raisonn\u00e9e des mat\u00e9riaux et syst\u00e8mes constructifs.<\/span><\/p>\n<p style=\"text-align: justify;\"><span style=\"color: #bdbcbc; font-size: 1.067rem;\">Rassembler l\u2019ensemble de ces initiatives individuelles, les structurer autour d\u2019une aspiration commune, r\u00e9affirmer cette d\u00e9marche d\u2019innovation qui fonde l\u2019esprit d\u2019Arcora depuis ses premi\u00e8res heures, telle est l\u2019ambition organique, \u00e9volutive, participative qu\u2019est le Laboratoire de Recherche &amp; D\u00e9veloppement d\u2019Arcora.<br \/>\n<\/span><\/p>\n<p>[\/vc_column_text][\/vc_column][\/vc_row][vc_row el_id=&#8221;posts-grid&#8221; css=&#8221;.vc_custom_1594155187016{margin-top: 2rem !important;}&#8221;][vc_column][vc_basic_grid post_type=&#8221;post&#8221; max_items=&#8221;-1&#8243; style=&#8221;lazy&#8221; items_per_page=&#8221;9&#8243; gap=&#8221;10&#8243; item=&#8221;224&#8243; initial_loading_animation=&#8221;none&#8221; grid_id=&#8221;vc_gid:1632324975574-703c6059-27ae-1&#8243; el_class=&#8221;mwdc_equal_height&#8221;][\/vc_column][\/vc_row]<\/p>\n<\/div>","protected":false},"excerpt":{"rendered":"<p>[vc_row][vc_column][vc_column_text] Depuis 45 ans, les \u00e9quipes d\u2019Arcora cultivent l\u2019audace et l\u2019inventivit\u00e9 pour r\u00e9pondre efficacement et de mani\u00e8re r\u00e9siliente \u00e0 chaque projet. Anim\u00e9es par la volont\u00e9 de progresser et d\u2019anticiper, Arcora revendique l\u2019appr\u00e9hension et la compr\u00e9hension de l\u2019ensemble de l\u2019\u00e9cosyst\u00e8me physique et technique \u00e9voluant autour de sa pratique. [\/vc_column_text][vc_empty_space height=&#8221;1rem&#8221;][vc_column_text] L\u2019affirmation d\u2019une conscience \u00e9cologique am\u00e8ne l\u2019\u00e9quipe&hellip;<\/p>\n","protected":false},"author":2,"featured_media":0,"parent":0,"menu_order":0,"comment_status":"closed","ping_status":"closed","template":"","meta":{"_acf_changed":false,"inline_featured_image":false,"footnotes":""},"class_list":["post-4547","page","type-page","status-publish","hentry","post"],"acf":[],"yoast_head":"<!-- This site is optimized with the Yoast SEO plugin v27.4 - https:\/\/yoast.com\/product\/yoast-seo-wordpress\/ -->\n<title>LE LAB - Arcora<\/title>\n<meta name=\"robots\" content=\"noindex, follow, max-snippet:-1, max-image-preview:large, max-video-preview:-1\" \/>\n<meta property=\"og:locale\" content=\"en_US\" \/>\n<meta property=\"og:type\" content=\"article\" \/>\n<meta property=\"og:title\" content=\"LE LAB - Arcora\" \/>\n<meta property=\"og:description\" content=\"[vc_row][vc_column][vc_column_text] Depuis 45 ans, les \u00e9quipes d\u2019Arcora cultivent l\u2019audace et l\u2019inventivit\u00e9 pour r\u00e9pondre efficacement et de mani\u00e8re r\u00e9siliente \u00e0 chaque projet. Anim\u00e9es par la volont\u00e9 de progresser et d\u2019anticiper, Arcora revendique l\u2019appr\u00e9hension et la compr\u00e9hension de l\u2019ensemble de l\u2019\u00e9cosyst\u00e8me physique et technique \u00e9voluant autour de sa pratique. [\/vc_column_text][vc_empty_space height=&#8221;1rem&#8221;][vc_column_text] L\u2019affirmation d\u2019une conscience \u00e9cologique am\u00e8ne l\u2019\u00e9quipe&hellip;\" \/>\n<meta property=\"og:url\" content=\"https:\/\/arcora.ab-media.fr\/en\/rd\/\" \/>\n<meta property=\"og:site_name\" content=\"Arcora\" \/>\n<meta property=\"article:modified_time\" content=\"2025-10-24T14:35:45+00:00\" \/>\n<meta property=\"og:image\" content=\"https:\/\/arcora.ab-media.fr\/wp-content\/uploads\/2025\/09\/Mask-Group-5-3400x1532.jpg\" \/>\n\t<meta property=\"og:image:width\" content=\"3400\" \/>\n\t<meta property=\"og:image:height\" content=\"1532\" \/>\n\t<meta property=\"og:image:type\" content=\"image\/jpeg\" \/>\n<meta name=\"twitter:card\" content=\"summary_large_image\" \/>\n<meta name=\"twitter:label1\" content=\"Est. reading time\" \/>\n\t<meta name=\"twitter:data1\" content=\"1 minute\" \/>\n<script type=\"application\/ld+json\" class=\"yoast-schema-graph\">{\"@context\":\"https:\\\/\\\/schema.org\",\"@graph\":[{\"@type\":\"WebPage\",\"@id\":\"https:\\\/\\\/arcora.ab-media.fr\\\/en\\\/rd\\\/\",\"url\":\"https:\\\/\\\/arcora.ab-media.fr\\\/en\\\/rd\\\/\",\"name\":\"LE LAB - Arcora\",\"isPartOf\":{\"@id\":\"https:\\\/\\\/arcora.ab-media.fr\\\/#website\"},\"datePublished\":\"2020-07-02T20:45:29+00:00\",\"dateModified\":\"2025-10-24T14:35:45+00:00\",\"breadcrumb\":{\"@id\":\"https:\\\/\\\/arcora.ab-media.fr\\\/en\\\/rd\\\/#breadcrumb\"},\"inLanguage\":\"en-US\",\"potentialAction\":[{\"@type\":\"ReadAction\",\"target\":[\"https:\\\/\\\/arcora.ab-media.fr\\\/en\\\/rd\\\/\"]}]},{\"@type\":\"BreadcrumbList\",\"@id\":\"https:\\\/\\\/arcora.ab-media.fr\\\/en\\\/rd\\\/#breadcrumb\",\"itemListElement\":[{\"@type\":\"ListItem\",\"position\":1,\"name\":\"Accueil\",\"item\":\"https:\\\/\\\/arcora.ab-media.fr\\\/en\\\/accueil-en-3\\\/\"},{\"@type\":\"ListItem\",\"position\":2,\"name\":\"LE LAB\"}]},{\"@type\":\"WebSite\",\"@id\":\"https:\\\/\\\/arcora.ab-media.fr\\\/#website\",\"url\":\"https:\\\/\\\/arcora.ab-media.fr\\\/\",\"name\":\"Arcora\",\"description\":\"\",\"publisher\":{\"@id\":\"https:\\\/\\\/arcora.ab-media.fr\\\/#organization\"},\"potentialAction\":[{\"@type\":\"SearchAction\",\"target\":{\"@type\":\"EntryPoint\",\"urlTemplate\":\"https:\\\/\\\/arcora.ab-media.fr\\\/?s={search_term_string}\"},\"query-input\":{\"@type\":\"PropertyValueSpecification\",\"valueRequired\":true,\"valueName\":\"search_term_string\"}}],\"inLanguage\":\"en-US\"},{\"@type\":\"Organization\",\"@id\":\"https:\\\/\\\/arcora.ab-media.fr\\\/#organization\",\"name\":\"Arcora\",\"url\":\"https:\\\/\\\/arcora.ab-media.fr\\\/\",\"logo\":{\"@type\":\"ImageObject\",\"inLanguage\":\"en-US\",\"@id\":\"https:\\\/\\\/arcora.ab-media.fr\\\/#\\\/schema\\\/logo\\\/image\\\/\",\"url\":\"https:\\\/\\\/arcora.ab-media.fr\\\/wp-content\\\/uploads\\\/2021\\\/02\\\/cropped-Logo_Arcora-copie-1.jpg\",\"contentUrl\":\"https:\\\/\\\/arcora.ab-media.fr\\\/wp-content\\\/uploads\\\/2021\\\/02\\\/cropped-Logo_Arcora-copie-1.jpg\",\"width\":327,\"height\":132,\"caption\":\"Arcora\"},\"image\":{\"@id\":\"https:\\\/\\\/arcora.ab-media.fr\\\/#\\\/schema\\\/logo\\\/image\\\/\"}}]}<\/script>\n<!-- \/ Yoast SEO plugin. -->","yoast_head_json":{"title":"LE LAB - Arcora","robots":{"index":"noindex","follow":"follow","max-snippet":"max-snippet:-1","max-image-preview":"max-image-preview:large","max-video-preview":"max-video-preview:-1"},"og_locale":"en_US","og_type":"article","og_title":"LE LAB - Arcora","og_description":"[vc_row][vc_column][vc_column_text] Depuis 45 ans, les \u00e9quipes d\u2019Arcora cultivent l\u2019audace et l\u2019inventivit\u00e9 pour r\u00e9pondre efficacement et de mani\u00e8re r\u00e9siliente \u00e0 chaque projet. Anim\u00e9es par la volont\u00e9 de progresser et d\u2019anticiper, Arcora revendique l\u2019appr\u00e9hension et la compr\u00e9hension de l\u2019ensemble de l\u2019\u00e9cosyst\u00e8me physique et technique \u00e9voluant autour de sa pratique. [\/vc_column_text][vc_empty_space height=&#8221;1rem&#8221;][vc_column_text] L\u2019affirmation d\u2019une conscience \u00e9cologique am\u00e8ne l\u2019\u00e9quipe&hellip;","og_url":"https:\/\/arcora.ab-media.fr\/en\/rd\/","og_site_name":"Arcora","article_modified_time":"2025-10-24T14:35:45+00:00","og_image":[{"width":3400,"height":1532,"url":"https:\/\/arcora.ab-media.fr\/wp-content\/uploads\/2025\/09\/Mask-Group-5-3400x1532.jpg","type":"image\/jpeg"}],"twitter_card":"summary_large_image","twitter_misc":{"Est. reading time":"1 minute"},"schema":{"@context":"https:\/\/schema.org","@graph":[{"@type":"WebPage","@id":"https:\/\/arcora.ab-media.fr\/en\/rd\/","url":"https:\/\/arcora.ab-media.fr\/en\/rd\/","name":"LE LAB - Arcora","isPartOf":{"@id":"https:\/\/arcora.ab-media.fr\/#website"},"datePublished":"2020-07-02T20:45:29+00:00","dateModified":"2025-10-24T14:35:45+00:00","breadcrumb":{"@id":"https:\/\/arcora.ab-media.fr\/en\/rd\/#breadcrumb"},"inLanguage":"en-US","potentialAction":[{"@type":"ReadAction","target":["https:\/\/arcora.ab-media.fr\/en\/rd\/"]}]},{"@type":"BreadcrumbList","@id":"https:\/\/arcora.ab-media.fr\/en\/rd\/#breadcrumb","itemListElement":[{"@type":"ListItem","position":1,"name":"Accueil","item":"https:\/\/arcora.ab-media.fr\/en\/accueil-en-3\/"},{"@type":"ListItem","position":2,"name":"LE LAB"}]},{"@type":"WebSite","@id":"https:\/\/arcora.ab-media.fr\/#website","url":"https:\/\/arcora.ab-media.fr\/","name":"Arcora","description":"","publisher":{"@id":"https:\/\/arcora.ab-media.fr\/#organization"},"potentialAction":[{"@type":"SearchAction","target":{"@type":"EntryPoint","urlTemplate":"https:\/\/arcora.ab-media.fr\/?s={search_term_string}"},"query-input":{"@type":"PropertyValueSpecification","valueRequired":true,"valueName":"search_term_string"}}],"inLanguage":"en-US"},{"@type":"Organization","@id":"https:\/\/arcora.ab-media.fr\/#organization","name":"Arcora","url":"https:\/\/arcora.ab-media.fr\/","logo":{"@type":"ImageObject","inLanguage":"en-US","@id":"https:\/\/arcora.ab-media.fr\/#\/schema\/logo\/image\/","url":"https:\/\/arcora.ab-media.fr\/wp-content\/uploads\/2021\/02\/cropped-Logo_Arcora-copie-1.jpg","contentUrl":"https:\/\/arcora.ab-media.fr\/wp-content\/uploads\/2021\/02\/cropped-Logo_Arcora-copie-1.jpg","width":327,"height":132,"caption":"Arcora"},"image":{"@id":"https:\/\/arcora.ab-media.fr\/#\/schema\/logo\/image\/"}}]}},"_links":{"self":[{"href":"https:\/\/arcora.ab-media.fr\/en\/wp-json\/wp\/v2\/pages\/4547","targetHints":{"allow":["GET"]}}],"collection":[{"href":"https:\/\/arcora.ab-media.fr\/en\/wp-json\/wp\/v2\/pages"}],"about":[{"href":"https:\/\/arcora.ab-media.fr\/en\/wp-json\/wp\/v2\/types\/page"}],"author":[{"embeddable":true,"href":"https:\/\/arcora.ab-media.fr\/en\/wp-json\/wp\/v2\/users\/2"}],"replies":[{"embeddable":true,"href":"https:\/\/arcora.ab-media.fr\/en\/wp-json\/wp\/v2\/comments?post=4547"}],"version-history":[{"count":2,"href":"https:\/\/arcora.ab-media.fr\/en\/wp-json\/wp\/v2\/pages\/4547\/revisions"}],"predecessor-version":[{"id":4700,"href":"https:\/\/arcora.ab-media.fr\/en\/wp-json\/wp\/v2\/pages\/4547\/revisions\/4700"}],"wp:attachment":[{"href":"https:\/\/arcora.ab-media.fr\/en\/wp-json\/wp\/v2\/media?parent=4547"}],"curies":[{"name":"wp","href":"https:\/\/api.w.org\/{rel}","templated":true}]}}